{"id":1683,"date":"2020-03-16T17:51:53","date_gmt":"2020-03-16T17:51:53","guid":{"rendered":"http:\/\/vermilion.sitlabs.co.uk\/about-vermilion-few-f-we-r\/"},"modified":"2021-08-31T20:10:13","modified_gmt":"2021-08-31T20:10:13","slug":"about-vermilion","status":"publish","type":"page","link":"https:\/\/www.vermilion-partners.com\/fr\/about-vermilion\/","title":{"rendered":"Au sujet de Vermilion"},"content":{"rendered":"\n<p>Vermilion offre une gamme de services de conseils en transactions domestiques et cross border avec la Chine, l\u2019Europe et les autres march\u00e9s asiatiques. <\/p>\n\n\n\n<p>Nous conseillons nos clients qui cherchent \u00e0 \u00e9tablir ou d\u00e9velopper leur activit\u00e9 gr\u00e2ce \u00e0 des op\u00e9rations de fusions acquisitions, des joint-ventures, des restructurations ou de la croissance organique, tout en offrant aussi des solutions de placements priv\u00e9s, des syndications de dettes, ECM et DCM. Vermilion investit aussi aux c\u00f4t\u00e9s de ses clients dans certaines entreprises de taille interm\u00e9diaire. <\/p>\n\n\n\n<p>Nos associ\u00e9s ont une grande exp\u00e9rience en management, investissements et conseils strat\u00e9giques. Les clients de Vermilion sont les principales entreprises publiques et &nbsp;priv\u00e9es de Chine, aussi bien que des soci\u00e9t\u00e9s multinationales. <\/p>\n\n\n\n<p>Vermilion est un affili\u00e9 de <a rel=\"noreferrer noopener\" href=\"http:\/\/natixis.com\" target=\"_blank\">Natixis<\/a> SA, les partenaires de Vermilion ayant une participation significative dans l&#8217;entreprise. Natixis est la branche internationale d&#8217;investissement, d&#8217;assurance et de services financiers aux entreprises du Groupe BPCE, l&#8217;un des plus grands groupes bancaires europ\u00e9ens.  Vermilion op\u00e8re de mani\u00e8re ind\u00e9pendante mais a acc\u00e8s aux capacit\u00e9s de financement, et au r\u00e9seau international et aux \u00e9quipes M&amp;A multi boutique de Natixis:<\/p>\n\n\n\n<ul class=\"wp-block-list\"><li>&gt;300 professionnels r\u00e9partis en Asie, Europe et aux Etats-Unis <\/li><li> Conseil en financement incluant financement d\u2019acquisitions, DCM et autres financements structur\u00e9s<\/li><\/ul>\n\n\n\n<p> Vermilion fait partie du r\u00e9seau international int\u00e9gr\u00e9 de <a href=\"https:\/\/mergers-acquisitions-partners.natixis.com\/home\" target=\"_blank\" rel=\"noreferrer noopener\" aria-label=\" (opens in a new tab)\">Natixis <\/a>qui regroupe: <\/p>\n\n\n\n<ul class=\"wp-block-list\"><li><a rel=\"noreferrer noopener\" aria-label=\" (opens in a new tab)\" href=\"https:\/\/www.pjsolomon.com\/\" target=\"_blank\">PJ Solomon<\/a><\/li><li><a rel=\"noreferrer noopener\" aria-label=\" (opens in a new tab)\" href=\"https:\/\/www.fenchurchadvisory.com\/\" target=\"_blank\">Fenchurch Advisory<\/a><\/li><li><a rel=\"noreferrer noopener\" aria-label=\" (opens in a new tab)\" href=\"https:\/\/www.azurecapital.com.au\/\" target=\"_blank\">Azure Capital<\/a><\/li><li><a rel=\"noreferrer noopener\" aria-label=\" (opens in a new tab)\" href=\"http:\/\/www.clipperton.net\/\" target=\"_blank\">Clipperton<\/a> <\/li><li><a rel=\"noreferrer noopener\" href=\"https:\/\/www.natixispartners.com\/\" target=\"_blank\">Natixis Partners<\/a><\/li><li><a rel=\"noreferrer noopener\" href=\"http:\/\/natixispartners.es\/\" target=\"_blank\">Natixis Partners Iberia<\/a><\/li><\/ul>\n\n\n\n<p>Vermilion est organis\u00e9 \u00e0 la fois par zone g\u00e9ographique et par secteur. Nos \u00e9quipes sont r\u00e9parties entre les bureaux de P\u00e9kin, Shanghai et Londres et couvrent les secteurs suivants: <\/p>\n\n\n\n<ul class=\"wp-block-list\"><li> Automobile, \u00e9lectronique et industriel <\/li><li> Biens de consommation<\/li><li> Services financiers<\/li><li> Sant\u00e9<\/li><li> M\u00e9dias, Telecom et Services<\/li><li>Ressoures naturelles et industries primaires dont industries chimiques<\/li><li>Distribution, loisirs, Immobilier <\/li><\/ul>\n\n\n\n<p>Notre connaissance du syst\u00e8me et du gouvernement chinois nous permet de vous conseiller sur des transactions sur des secteurs tr\u00e8s r\u00e9glement\u00e9s en Chine et \u00e0 l\u2019international. <\/p>\n\n\n\n<p>Notre philosophie est de vous accompagner comme conseiller principal<\/p>\n","protected":false},"excerpt":{"rendered":"<p>Vermilion offre une gamme de services de conseils en transactions domestiques et cross border avec la Chine, l\u2019Europe et les autres march\u00e9s asiatiques. Nous conseillons nos clients qui cherchent \u00e0 \u00e9tablir ou d\u00e9velopper leur activit\u00e9 gr\u00e2ce \u00e0 des op\u00e9rations de fusions acquisitions, des joint-ventures, des restructurations ou de la croissance organique, tout en offrant aussi des solutions de placements priv\u00e9s, [&hellip;]<\/p>\n","protected":false},"author":1,"featured_media":0,"parent":0,"menu_order":0,"comment_status":"closed","ping_status":"closed","template":"","meta":{"_acf_changed":false,"footnotes":""},"class_list":["post-1683","page","type-page","status-publish","hentry"],"acf":[],"yoast_head":"<!-- This site is optimized with the Yoast SEO plugin v27.3 - https:\/\/yoast.com\/product\/yoast-seo-wordpress\/ -->\n<title>Au sujet de Vermilion - Vermilion Partners Limited<\/title>\n<meta name=\"robots\" content=\"index, follow, max-snippet:-1, max-image-preview:large, max-video-preview:-1\" \/>\n<link rel=\"canonical\" href=\"https:\/\/www.vermilion-partners.com\/fr\/about-vermilion\/\" \/>\n<meta property=\"og:locale\" content=\"fr_FR\" \/>\n<meta property=\"og:type\" content=\"article\" \/>\n<meta property=\"og:title\" content=\"Au sujet de Vermilion - Vermilion Partners Limited\" \/>\n<meta property=\"og:description\" content=\"Vermilion offre une gamme de services de conseils en transactions domestiques et cross border avec la Chine, l\u2019Europe et les autres march\u00e9s asiatiques. Nous conseillons nos clients qui cherchent \u00e0 \u00e9tablir ou d\u00e9velopper leur activit\u00e9 gr\u00e2ce \u00e0 des op\u00e9rations de fusions acquisitions, des joint-ventures, des restructurations ou de la croissance organique, tout en offrant aussi des solutions de placements priv\u00e9s, [&hellip;]\" \/>\n<meta property=\"og:url\" content=\"https:\/\/www.vermilion-partners.com\/fr\/about-vermilion\/\" \/>\n<meta property=\"og:site_name\" content=\"Vermilion Partners Limited\" \/>\n<meta property=\"article:modified_time\" content=\"2021-08-31T20:10:13+00:00\" \/>\n<meta name=\"twitter:card\" content=\"summary_large_image\" \/>\n<meta name=\"twitter:label1\" content=\"Est. reading time\" \/>\n\t<meta name=\"twitter:data1\" content=\"2 minutes\" \/>\n<script type=\"application\/ld+json\" class=\"yoast-schema-graph\">{\"@context\":\"https:\\\/\\\/schema.org\",\"@graph\":[{\"@type\":\"WebPage\",\"@id\":\"https:\\\/\\\/www.vermilion-partners.com\\\/fr\\\/about-vermilion\\\/\",\"url\":\"https:\\\/\\\/www.vermilion-partners.com\\\/fr\\\/about-vermilion\\\/\",\"name\":\"Au sujet de Vermilion - Vermilion Partners Limited\",\"isPartOf\":{\"@id\":\"https:\\\/\\\/www.vermilion-partners.com\\\/fr\\\/#website\"},\"datePublished\":\"2020-03-16T17:51:53+00:00\",\"dateModified\":\"2021-08-31T20:10:13+00:00\",\"breadcrumb\":{\"@id\":\"https:\\\/\\\/www.vermilion-partners.com\\\/fr\\\/about-vermilion\\\/#breadcrumb\"},\"inLanguage\":\"fr-FR\",\"potentialAction\":[{\"@type\":\"ReadAction\",\"target\":[\"https:\\\/\\\/www.vermilion-partners.com\\\/fr\\\/about-vermilion\\\/\"]}]},{\"@type\":\"BreadcrumbList\",\"@id\":\"https:\\\/\\\/www.vermilion-partners.com\\\/fr\\\/about-vermilion\\\/#breadcrumb\",\"itemListElement\":[{\"@type\":\"ListItem\",\"position\":1,\"name\":\"Home\",\"item\":\"https:\\\/\\\/www.vermilion-partners.com\\\/fr\\\/\"},{\"@type\":\"ListItem\",\"position\":2,\"name\":\"Au sujet de Vermilion\"}]},{\"@type\":\"WebSite\",\"@id\":\"https:\\\/\\\/www.vermilion-partners.com\\\/fr\\\/#website\",\"url\":\"https:\\\/\\\/www.vermilion-partners.com\\\/fr\\\/\",\"name\":\"Vermilion Partners Limited\",\"description\":\"China Investment Banking with International Operations\",\"publisher\":{\"@id\":\"https:\\\/\\\/www.vermilion-partners.com\\\/fr\\\/#organization\"},\"potentialAction\":[{\"@type\":\"SearchAction\",\"target\":{\"@type\":\"EntryPoint\",\"urlTemplate\":\"https:\\\/\\\/www.vermilion-partners.com\\\/fr\\\/?s={search_term_string}\"},\"query-input\":{\"@type\":\"PropertyValueSpecification\",\"valueRequired\":true,\"valueName\":\"search_term_string\"}}],\"inLanguage\":\"fr-FR\"},{\"@type\":\"Organization\",\"@id\":\"https:\\\/\\\/www.vermilion-partners.com\\\/fr\\\/#organization\",\"name\":\"Vermilion Partners Limited\",\"url\":\"https:\\\/\\\/www.vermilion-partners.com\\\/fr\\\/\",\"logo\":{\"@type\":\"ImageObject\",\"inLanguage\":\"fr-FR\",\"@id\":\"https:\\\/\\\/www.vermilion-partners.com\\\/fr\\\/#\\\/schema\\\/logo\\\/image\\\/\",\"url\":\"https:\\\/\\\/www.vermilion-partners.com\\\/wp-content\\\/uploads\\\/2020\\\/01\\\/logo-vermilion.svg\",\"contentUrl\":\"https:\\\/\\\/www.vermilion-partners.com\\\/wp-content\\\/uploads\\\/2020\\\/01\\\/logo-vermilion.svg\",\"caption\":\"Vermilion Partners Limited\"},\"image\":{\"@id\":\"https:\\\/\\\/www.vermilion-partners.com\\\/fr\\\/#\\\/schema\\\/logo\\\/image\\\/\"}}]}<\/script>\n<!-- \/ Yoast SEO plugin. -->","yoast_head_json":{"title":"Au sujet de Vermilion - Vermilion Partners Limited","robots":{"index":"index","follow":"follow","max-snippet":"max-snippet:-1","max-image-preview":"max-image-preview:large","max-video-preview":"max-video-preview:-1"},"canonical":"https:\/\/www.vermilion-partners.com\/fr\/about-vermilion\/","og_locale":"fr_FR","og_type":"article","og_title":"Au sujet de Vermilion - Vermilion Partners Limited","og_description":"Vermilion offre une gamme de services de conseils en transactions domestiques et cross border avec la Chine, l\u2019Europe et les autres march\u00e9s asiatiques. Nous conseillons nos clients qui cherchent \u00e0 \u00e9tablir ou d\u00e9velopper leur activit\u00e9 gr\u00e2ce \u00e0 des op\u00e9rations de fusions acquisitions, des joint-ventures, des restructurations ou de la croissance organique, tout en offrant aussi des solutions de placements priv\u00e9s, [&hellip;]","og_url":"https:\/\/www.vermilion-partners.com\/fr\/about-vermilion\/","og_site_name":"Vermilion Partners Limited","article_modified_time":"2021-08-31T20:10:13+00:00","twitter_card":"summary_large_image","twitter_misc":{"Est. reading time":"2 minutes"},"schema":{"@context":"https:\/\/schema.org","@graph":[{"@type":"WebPage","@id":"https:\/\/www.vermilion-partners.com\/fr\/about-vermilion\/","url":"https:\/\/www.vermilion-partners.com\/fr\/about-vermilion\/","name":"Au sujet de Vermilion - Vermilion Partners Limited","isPartOf":{"@id":"https:\/\/www.vermilion-partners.com\/fr\/#website"},"datePublished":"2020-03-16T17:51:53+00:00","dateModified":"2021-08-31T20:10:13+00:00","breadcrumb":{"@id":"https:\/\/www.vermilion-partners.com\/fr\/about-vermilion\/#breadcrumb"},"inLanguage":"fr-FR","potentialAction":[{"@type":"ReadAction","target":["https:\/\/www.vermilion-partners.com\/fr\/about-vermilion\/"]}]},{"@type":"BreadcrumbList","@id":"https:\/\/www.vermilion-partners.com\/fr\/about-vermilion\/#breadcrumb","itemListElement":[{"@type":"ListItem","position":1,"name":"Home","item":"https:\/\/www.vermilion-partners.com\/fr\/"},{"@type":"ListItem","position":2,"name":"Au sujet de Vermilion"}]},{"@type":"WebSite","@id":"https:\/\/www.vermilion-partners.com\/fr\/#website","url":"https:\/\/www.vermilion-partners.com\/fr\/","name":"Vermilion Partners Limited","description":"China Investment Banking with International Operations","publisher":{"@id":"https:\/\/www.vermilion-partners.com\/fr\/#organization"},"potentialAction":[{"@type":"SearchAction","target":{"@type":"EntryPoint","urlTemplate":"https:\/\/www.vermilion-partners.com\/fr\/?s={search_term_string}"},"query-input":{"@type":"PropertyValueSpecification","valueRequired":true,"valueName":"search_term_string"}}],"inLanguage":"fr-FR"},{"@type":"Organization","@id":"https:\/\/www.vermilion-partners.com\/fr\/#organization","name":"Vermilion Partners Limited","url":"https:\/\/www.vermilion-partners.com\/fr\/","logo":{"@type":"ImageObject","inLanguage":"fr-FR","@id":"https:\/\/www.vermilion-partners.com\/fr\/#\/schema\/logo\/image\/","url":"https:\/\/www.vermilion-partners.com\/wp-content\/uploads\/2020\/01\/logo-vermilion.svg","contentUrl":"https:\/\/www.vermilion-partners.com\/wp-content\/uploads\/2020\/01\/logo-vermilion.svg","caption":"Vermilion Partners Limited"},"image":{"@id":"https:\/\/www.vermilion-partners.com\/fr\/#\/schema\/logo\/image\/"}}]}},"_links":{"self":[{"href":"https:\/\/www.vermilion-partners.com\/fr\/wp-json\/wp\/v2\/pages\/1683","targetHints":{"allow":["GET"]}}],"collection":[{"href":"https:\/\/www.vermilion-partners.com\/fr\/wp-json\/wp\/v2\/pages"}],"about":[{"href":"https:\/\/www.vermilion-partners.com\/fr\/wp-json\/wp\/v2\/types\/page"}],"author":[{"embeddable":true,"href":"https:\/\/www.vermilion-partners.com\/fr\/wp-json\/wp\/v2\/users\/1"}],"replies":[{"embeddable":true,"href":"https:\/\/www.vermilion-partners.com\/fr\/wp-json\/wp\/v2\/comments?post=1683"}],"version-history":[{"count":23,"href":"https:\/\/www.vermilion-partners.com\/fr\/wp-json\/wp\/v2\/pages\/1683\/revisions"}],"predecessor-version":[{"id":2986,"href":"https:\/\/www.vermilion-partners.com\/fr\/wp-json\/wp\/v2\/pages\/1683\/revisions\/2986"}],"wp:attachment":[{"href":"https:\/\/www.vermilion-partners.com\/fr\/wp-json\/wp\/v2\/media?parent=1683"}],"curies":[{"name":"wp","href":"https:\/\/api.w.org\/{rel}","templated":true}]}}