{"id":1819,"date":"2020-03-18T16:58:10","date_gmt":"2020-03-18T16:58:10","guid":{"rendered":"http:\/\/vermilion.sitlabs.co.uk\/carrieres\/"},"modified":"2020-07-03T14:04:37","modified_gmt":"2020-07-03T14:04:37","slug":"carrieres","status":"publish","type":"page","link":"https:\/\/www.vermilion-partners.com\/fr\/carrieres\/","title":{"rendered":"Carri\u00e8res"},"content":{"rendered":"\n<p>Nous sommes toujours int\u00e9ress\u00e9s par des candidats ayant un dossier scolaire et professionnel exceptionnels. Nous accueillons pour tous les postes les candidatures de ceux qui peuvent d\u00e9montrer:<\/p>\n\n\n\n<ul class=\"wp-block-list\"><li>Solides capacit\u00e9s d\u2019analyse et une r<a>\u00e9<\/a>flexion critique <\/li><li>Exp\u00e9rience des services financiers relative \u00e0 la position postul\u00e9e <\/li><li>Une pr\u00e9c\u00e9dente exp\u00e9rience accomplie dans un environnement interculturel <\/li><li>Excellentes qualit\u00e9s relationnelles<\/li><li>Comp\u00e9tences linguistiques en chinois, anglais et allemand <\/li><\/ul>\n\n\n\n<p>Chez Vermilion, nous appr\u00e9cions les personnes tr\u00e8s motiv\u00e9es et qui s\u2019engagent \u00e0 faire un effort suppl\u00e9mentaire pour nos clients. Si vous pensez que vous pouvez \u00eatre un bon candidat, nous vous invitons \u00e0 envoyer votre CV et votre lettre de pr\u00e9sentation \u00e0 <a href=\"mailto:careers@vermilion-partners.com\">careers@vermilion-partners.com<\/a>.<\/p>\n","protected":false},"excerpt":{"rendered":"<p>Nous sommes toujours int\u00e9ress\u00e9s par des candidats ayant un dossier scolaire et professionnel exceptionnels. Nous accueillons pour tous les postes les candidatures de ceux qui peuvent d\u00e9montrer: Solides capacit\u00e9s d\u2019analyse et une r\u00e9flexion critique Exp\u00e9rience des services financiers relative \u00e0 la position postul\u00e9e Une pr\u00e9c\u00e9dente exp\u00e9rience accomplie dans un environnement interculturel Excellentes qualit\u00e9s relationnelles Comp\u00e9tences linguistiques en chinois, anglais et [&hellip;]<\/p>\n","protected":false},"author":1,"featured_media":0,"parent":0,"menu_order":0,"comment_status":"closed","ping_status":"closed","template":"","meta":{"_acf_changed":false,"footnotes":""},"class_list":["post-1819","page","type-page","status-publish","hentry"],"acf":[],"yoast_head":"<!-- This site is optimized with the Yoast SEO plugin v27.3 - https:\/\/yoast.com\/product\/yoast-seo-wordpress\/ -->\n<title>Carri\u00e8res - Vermilion Partners Limited<\/title>\n<meta name=\"robots\" content=\"index, follow, max-snippet:-1, max-image-preview:large, max-video-preview:-1\" \/>\n<link rel=\"canonical\" href=\"https:\/\/www.vermilion-partners.com\/fr\/carrieres\/\" \/>\n<meta property=\"og:locale\" content=\"fr_FR\" \/>\n<meta property=\"og:type\" content=\"article\" \/>\n<meta property=\"og:title\" content=\"Carri\u00e8res - Vermilion Partners Limited\" \/>\n<meta property=\"og:description\" content=\"Nous sommes toujours int\u00e9ress\u00e9s par des candidats ayant un dossier scolaire et professionnel exceptionnels. Nous accueillons pour tous les postes les candidatures de ceux qui peuvent d\u00e9montrer: Solides capacit\u00e9s d\u2019analyse et une r\u00e9flexion critique Exp\u00e9rience des services financiers relative \u00e0 la position postul\u00e9e Une pr\u00e9c\u00e9dente exp\u00e9rience accomplie dans un environnement interculturel Excellentes qualit\u00e9s relationnelles Comp\u00e9tences linguistiques en chinois, anglais et [&hellip;]\" \/>\n<meta property=\"og:url\" content=\"https:\/\/www.vermilion-partners.com\/fr\/carrieres\/\" \/>\n<meta property=\"og:site_name\" content=\"Vermilion Partners Limited\" \/>\n<meta property=\"article:modified_time\" content=\"2020-07-03T14:04:37+00:00\" \/>\n<meta name=\"twitter:card\" content=\"summary_large_image\" \/>\n<meta name=\"twitter:label1\" content=\"Est. reading time\" \/>\n\t<meta name=\"twitter:data1\" content=\"1 minute\" \/>\n<script type=\"application\/ld+json\" class=\"yoast-schema-graph\">{\"@context\":\"https:\\\/\\\/schema.org\",\"@graph\":[{\"@type\":\"WebPage\",\"@id\":\"https:\\\/\\\/www.vermilion-partners.com\\\/fr\\\/carrieres\\\/\",\"url\":\"https:\\\/\\\/www.vermilion-partners.com\\\/fr\\\/carrieres\\\/\",\"name\":\"Carri\u00e8res - Vermilion Partners Limited\",\"isPartOf\":{\"@id\":\"https:\\\/\\\/www.vermilion-partners.com\\\/fr\\\/#website\"},\"datePublished\":\"2020-03-18T16:58:10+00:00\",\"dateModified\":\"2020-07-03T14:04:37+00:00\",\"breadcrumb\":{\"@id\":\"https:\\\/\\\/www.vermilion-partners.com\\\/fr\\\/carrieres\\\/#breadcrumb\"},\"inLanguage\":\"fr-FR\",\"potentialAction\":[{\"@type\":\"ReadAction\",\"target\":[\"https:\\\/\\\/www.vermilion-partners.com\\\/fr\\\/carrieres\\\/\"]}]},{\"@type\":\"BreadcrumbList\",\"@id\":\"https:\\\/\\\/www.vermilion-partners.com\\\/fr\\\/carrieres\\\/#breadcrumb\",\"itemListElement\":[{\"@type\":\"ListItem\",\"position\":1,\"name\":\"Home\",\"item\":\"https:\\\/\\\/www.vermilion-partners.com\\\/fr\\\/\"},{\"@type\":\"ListItem\",\"position\":2,\"name\":\"Carri\u00e8res\"}]},{\"@type\":\"WebSite\",\"@id\":\"https:\\\/\\\/www.vermilion-partners.com\\\/fr\\\/#website\",\"url\":\"https:\\\/\\\/www.vermilion-partners.com\\\/fr\\\/\",\"name\":\"Vermilion Partners Limited\",\"description\":\"China Investment Banking with International Operations\",\"publisher\":{\"@id\":\"https:\\\/\\\/www.vermilion-partners.com\\\/fr\\\/#organization\"},\"potentialAction\":[{\"@type\":\"SearchAction\",\"target\":{\"@type\":\"EntryPoint\",\"urlTemplate\":\"https:\\\/\\\/www.vermilion-partners.com\\\/fr\\\/?s={search_term_string}\"},\"query-input\":{\"@type\":\"PropertyValueSpecification\",\"valueRequired\":true,\"valueName\":\"search_term_string\"}}],\"inLanguage\":\"fr-FR\"},{\"@type\":\"Organization\",\"@id\":\"https:\\\/\\\/www.vermilion-partners.com\\\/fr\\\/#organization\",\"name\":\"Vermilion Partners Limited\",\"url\":\"https:\\\/\\\/www.vermilion-partners.com\\\/fr\\\/\",\"logo\":{\"@type\":\"ImageObject\",\"inLanguage\":\"fr-FR\",\"@id\":\"https:\\\/\\\/www.vermilion-partners.com\\\/fr\\\/#\\\/schema\\\/logo\\\/image\\\/\",\"url\":\"https:\\\/\\\/www.vermilion-partners.com\\\/wp-content\\\/uploads\\\/2020\\\/01\\\/logo-vermilion.svg\",\"contentUrl\":\"https:\\\/\\\/www.vermilion-partners.com\\\/wp-content\\\/uploads\\\/2020\\\/01\\\/logo-vermilion.svg\",\"caption\":\"Vermilion Partners Limited\"},\"image\":{\"@id\":\"https:\\\/\\\/www.vermilion-partners.com\\\/fr\\\/#\\\/schema\\\/logo\\\/image\\\/\"}}]}<\/script>\n<!-- \/ Yoast SEO plugin. -->","yoast_head_json":{"title":"Carri\u00e8res - Vermilion Partners Limited","robots":{"index":"index","follow":"follow","max-snippet":"max-snippet:-1","max-image-preview":"max-image-preview:large","max-video-preview":"max-video-preview:-1"},"canonical":"https:\/\/www.vermilion-partners.com\/fr\/carrieres\/","og_locale":"fr_FR","og_type":"article","og_title":"Carri\u00e8res - Vermilion Partners Limited","og_description":"Nous sommes toujours int\u00e9ress\u00e9s par des candidats ayant un dossier scolaire et professionnel exceptionnels. Nous accueillons pour tous les postes les candidatures de ceux qui peuvent d\u00e9montrer: Solides capacit\u00e9s d\u2019analyse et une r\u00e9flexion critique Exp\u00e9rience des services financiers relative \u00e0 la position postul\u00e9e Une pr\u00e9c\u00e9dente exp\u00e9rience accomplie dans un environnement interculturel Excellentes qualit\u00e9s relationnelles Comp\u00e9tences linguistiques en chinois, anglais et [&hellip;]","og_url":"https:\/\/www.vermilion-partners.com\/fr\/carrieres\/","og_site_name":"Vermilion Partners Limited","article_modified_time":"2020-07-03T14:04:37+00:00","twitter_card":"summary_large_image","twitter_misc":{"Est. reading time":"1 minute"},"schema":{"@context":"https:\/\/schema.org","@graph":[{"@type":"WebPage","@id":"https:\/\/www.vermilion-partners.com\/fr\/carrieres\/","url":"https:\/\/www.vermilion-partners.com\/fr\/carrieres\/","name":"Carri\u00e8res - Vermilion Partners Limited","isPartOf":{"@id":"https:\/\/www.vermilion-partners.com\/fr\/#website"},"datePublished":"2020-03-18T16:58:10+00:00","dateModified":"2020-07-03T14:04:37+00:00","breadcrumb":{"@id":"https:\/\/www.vermilion-partners.com\/fr\/carrieres\/#breadcrumb"},"inLanguage":"fr-FR","potentialAction":[{"@type":"ReadAction","target":["https:\/\/www.vermilion-partners.com\/fr\/carrieres\/"]}]},{"@type":"BreadcrumbList","@id":"https:\/\/www.vermilion-partners.com\/fr\/carrieres\/#breadcrumb","itemListElement":[{"@type":"ListItem","position":1,"name":"Home","item":"https:\/\/www.vermilion-partners.com\/fr\/"},{"@type":"ListItem","position":2,"name":"Carri\u00e8res"}]},{"@type":"WebSite","@id":"https:\/\/www.vermilion-partners.com\/fr\/#website","url":"https:\/\/www.vermilion-partners.com\/fr\/","name":"Vermilion Partners Limited","description":"China Investment Banking with International Operations","publisher":{"@id":"https:\/\/www.vermilion-partners.com\/fr\/#organization"},"potentialAction":[{"@type":"SearchAction","target":{"@type":"EntryPoint","urlTemplate":"https:\/\/www.vermilion-partners.com\/fr\/?s={search_term_string}"},"query-input":{"@type":"PropertyValueSpecification","valueRequired":true,"valueName":"search_term_string"}}],"inLanguage":"fr-FR"},{"@type":"Organization","@id":"https:\/\/www.vermilion-partners.com\/fr\/#organization","name":"Vermilion Partners Limited","url":"https:\/\/www.vermilion-partners.com\/fr\/","logo":{"@type":"ImageObject","inLanguage":"fr-FR","@id":"https:\/\/www.vermilion-partners.com\/fr\/#\/schema\/logo\/image\/","url":"https:\/\/www.vermilion-partners.com\/wp-content\/uploads\/2020\/01\/logo-vermilion.svg","contentUrl":"https:\/\/www.vermilion-partners.com\/wp-content\/uploads\/2020\/01\/logo-vermilion.svg","caption":"Vermilion Partners Limited"},"image":{"@id":"https:\/\/www.vermilion-partners.com\/fr\/#\/schema\/logo\/image\/"}}]}},"_links":{"self":[{"href":"https:\/\/www.vermilion-partners.com\/fr\/wp-json\/wp\/v2\/pages\/1819","targetHints":{"allow":["GET"]}}],"collection":[{"href":"https:\/\/www.vermilion-partners.com\/fr\/wp-json\/wp\/v2\/pages"}],"about":[{"href":"https:\/\/www.vermilion-partners.com\/fr\/wp-json\/wp\/v2\/types\/page"}],"author":[{"embeddable":true,"href":"https:\/\/www.vermilion-partners.com\/fr\/wp-json\/wp\/v2\/users\/1"}],"replies":[{"embeddable":true,"href":"https:\/\/www.vermilion-partners.com\/fr\/wp-json\/wp\/v2\/comments?post=1819"}],"version-history":[{"count":3,"href":"https:\/\/www.vermilion-partners.com\/fr\/wp-json\/wp\/v2\/pages\/1819\/revisions"}],"predecessor-version":[{"id":2887,"href":"https:\/\/www.vermilion-partners.com\/fr\/wp-json\/wp\/v2\/pages\/1819\/revisions\/2887"}],"wp:attachment":[{"href":"https:\/\/www.vermilion-partners.com\/fr\/wp-json\/wp\/v2\/media?parent=1819"}],"curies":[{"name":"wp","href":"https:\/\/api.w.org\/{rel}","templated":true}]}}