{"id":2786,"date":"2020-05-05T13:45:28","date_gmt":"2020-05-05T13:45:28","guid":{"rendered":"http:\/\/vermilion.sitlabs.co.uk\/natixis\/"},"modified":"2022-01-13T16:48:55","modified_gmt":"2022-01-13T16:48:55","slug":"natixis","status":"publish","type":"page","link":"https:\/\/www.vermilion-partners.com\/fr\/natixis\/","title":{"rendered":"Natixis"},"content":{"rendered":"\n<p>En mai 2018, Vermilion a conclu un partenariat avec Natixis, une multinationale fran\u00e7aise de services financiers sp\u00e9cialis\u00e9e dans la gestion d&#8217;actifs et de fortune, les solutions pour les entreprises et investissemeurs, l&#8217;assurance et les paiements. Filiale du Groupe BPCE, l\u2019un des plus grands groupes d\u2019institutions financi\u00e8res en France \u00e0 travers ses deux r\u00e9seaux de distribution, la Banque Populaire et la Caisse d\u2019Epargne, Natixis compte pr\u00e8s de 16 000 collaborateurs dans 38 pays. Ses clients sont des entreprises, des institutions financi\u00e8res, des organisations souveraines et supranationales, ainsi que les clients des r\u00e9seaux du Groupe BPCE. <\/p>\n\n\n\n<p>Natixis a conclu un certain nombre d\u2019accords similaires sur des march\u00e9s r\u00e9gionaux cl\u00e9s, ce qui lui a permis d\u2019\u00e9laborer une strat\u00e9gie globale de \u00abmulti-boutique\u00bb. Cet accord permet \u00e0 Vermilion de tirer parti des vastes ressources et du r\u00e9seau mondial de Natixis, ainsi que des capacit\u00e9s des autres soci\u00e9t\u00e9s membres du groupe, pour offrir \u00e0 nos clients un meilleur acc\u00e8s aux march\u00e9s mondiaux.<\/p>\n\n\n\n<figure class=\"wp-block-image size-large\"><img fetchpriority=\"high\" decoding=\"async\" width=\"1200\" height=\"487\" src=\"http:\/\/www.vermilion-partners.com\/wp-content\/uploads\/2020\/06\/Vermilion-Map-1-1200x487.png\" alt=\"\" class=\"wp-image-2869\" srcset=\"https:\/\/www.vermilion-partners.com\/wp-content\/uploads\/2020\/06\/Vermilion-Map-1-1200x487.png 1200w, https:\/\/www.vermilion-partners.com\/wp-content\/uploads\/2020\/06\/Vermilion-Map-1-300x122.png 300w, https:\/\/www.vermilion-partners.com\/wp-content\/uploads\/2020\/06\/Vermilion-Map-1-768x311.png 768w, https:\/\/www.vermilion-partners.com\/wp-content\/uploads\/2020\/06\/Vermilion-Map-1-1536x623.png 1536w, https:\/\/www.vermilion-partners.com\/wp-content\/uploads\/2020\/06\/Vermilion-Map-1-2048x830.png 2048w\" sizes=\"(max-width: 1200px) 100vw, 1200px\" \/><\/figure>\n","protected":false},"excerpt":{"rendered":"<p>En mai 2018, Vermilion a conclu un partenariat avec Natixis, une multinationale fran\u00e7aise de services financiers sp\u00e9cialis\u00e9e dans la gestion d&#8217;actifs et de fortune, les solutions pour les entreprises et investissemeurs, l&#8217;assurance et les paiements. Filiale du Groupe BPCE, l\u2019un des plus grands groupes d\u2019institutions financi\u00e8res en France \u00e0 travers ses deux r\u00e9seaux de distribution, la Banque Populaire et la [&hellip;]<\/p>\n","protected":false},"author":1,"featured_media":0,"parent":0,"menu_order":0,"comment_status":"closed","ping_status":"closed","template":"","meta":{"_acf_changed":false,"footnotes":""},"class_list":["post-2786","page","type-page","status-publish","hentry"],"acf":[],"yoast_head":"<!-- This site is optimized with the Yoast SEO plugin v27.3 - https:\/\/yoast.com\/product\/yoast-seo-wordpress\/ -->\n<title>Natixis - Vermilion Partners Limited<\/title>\n<meta name=\"robots\" content=\"index, follow, max-snippet:-1, max-image-preview:large, max-video-preview:-1\" \/>\n<link rel=\"canonical\" href=\"https:\/\/www.vermilion-partners.com\/fr\/natixis\/\" \/>\n<meta property=\"og:locale\" content=\"fr_FR\" \/>\n<meta property=\"og:type\" content=\"article\" \/>\n<meta property=\"og:title\" content=\"Natixis - Vermilion Partners Limited\" \/>\n<meta property=\"og:description\" content=\"En mai 2018, Vermilion a conclu un partenariat avec Natixis, une multinationale fran\u00e7aise de services financiers sp\u00e9cialis\u00e9e dans la gestion d&#8217;actifs et de fortune, les solutions pour les entreprises et investissemeurs, l&#8217;assurance et les paiements. Filiale du Groupe BPCE, l\u2019un des plus grands groupes d\u2019institutions financi\u00e8res en France \u00e0 travers ses deux r\u00e9seaux de distribution, la Banque Populaire et la [&hellip;]\" \/>\n<meta property=\"og:url\" content=\"https:\/\/www.vermilion-partners.com\/fr\/natixis\/\" \/>\n<meta property=\"og:site_name\" content=\"Vermilion Partners Limited\" \/>\n<meta property=\"article:modified_time\" content=\"2022-01-13T16:48:55+00:00\" \/>\n<meta property=\"og:image\" content=\"http:\/\/www.vermilion-partners.com\/wp-content\/uploads\/2020\/06\/Vermilion-Map-1-1200x487.png\" \/>\n<meta name=\"twitter:card\" content=\"summary_large_image\" \/>\n<meta name=\"twitter:label1\" content=\"Est. reading time\" \/>\n\t<meta name=\"twitter:data1\" content=\"1 minute\" \/>\n<script type=\"application\/ld+json\" class=\"yoast-schema-graph\">{\"@context\":\"https:\\\/\\\/schema.org\",\"@graph\":[{\"@type\":\"WebPage\",\"@id\":\"https:\\\/\\\/www.vermilion-partners.com\\\/fr\\\/natixis\\\/\",\"url\":\"https:\\\/\\\/www.vermilion-partners.com\\\/fr\\\/natixis\\\/\",\"name\":\"Natixis - Vermilion Partners Limited\",\"isPartOf\":{\"@id\":\"https:\\\/\\\/www.vermilion-partners.com\\\/fr\\\/#website\"},\"primaryImageOfPage\":{\"@id\":\"https:\\\/\\\/www.vermilion-partners.com\\\/fr\\\/natixis\\\/#primaryimage\"},\"image\":{\"@id\":\"https:\\\/\\\/www.vermilion-partners.com\\\/fr\\\/natixis\\\/#primaryimage\"},\"thumbnailUrl\":\"http:\\\/\\\/www.vermilion-partners.com\\\/wp-content\\\/uploads\\\/2020\\\/06\\\/Vermilion-Map-1-1200x487.png\",\"datePublished\":\"2020-05-05T13:45:28+00:00\",\"dateModified\":\"2022-01-13T16:48:55+00:00\",\"breadcrumb\":{\"@id\":\"https:\\\/\\\/www.vermilion-partners.com\\\/fr\\\/natixis\\\/#breadcrumb\"},\"inLanguage\":\"fr-FR\",\"potentialAction\":[{\"@type\":\"ReadAction\",\"target\":[\"https:\\\/\\\/www.vermilion-partners.com\\\/fr\\\/natixis\\\/\"]}]},{\"@type\":\"ImageObject\",\"inLanguage\":\"fr-FR\",\"@id\":\"https:\\\/\\\/www.vermilion-partners.com\\\/fr\\\/natixis\\\/#primaryimage\",\"url\":\"http:\\\/\\\/www.vermilion-partners.com\\\/wp-content\\\/uploads\\\/2020\\\/06\\\/Vermilion-Map-1-1200x487.png\",\"contentUrl\":\"http:\\\/\\\/www.vermilion-partners.com\\\/wp-content\\\/uploads\\\/2020\\\/06\\\/Vermilion-Map-1-1200x487.png\"},{\"@type\":\"BreadcrumbList\",\"@id\":\"https:\\\/\\\/www.vermilion-partners.com\\\/fr\\\/natixis\\\/#breadcrumb\",\"itemListElement\":[{\"@type\":\"ListItem\",\"position\":1,\"name\":\"Home\",\"item\":\"https:\\\/\\\/www.vermilion-partners.com\\\/fr\\\/\"},{\"@type\":\"ListItem\",\"position\":2,\"name\":\"Natixis\"}]},{\"@type\":\"WebSite\",\"@id\":\"https:\\\/\\\/www.vermilion-partners.com\\\/fr\\\/#website\",\"url\":\"https:\\\/\\\/www.vermilion-partners.com\\\/fr\\\/\",\"name\":\"Vermilion Partners Limited\",\"description\":\"China Investment Banking with International Operations\",\"publisher\":{\"@id\":\"https:\\\/\\\/www.vermilion-partners.com\\\/fr\\\/#organization\"},\"potentialAction\":[{\"@type\":\"SearchAction\",\"target\":{\"@type\":\"EntryPoint\",\"urlTemplate\":\"https:\\\/\\\/www.vermilion-partners.com\\\/fr\\\/?s={search_term_string}\"},\"query-input\":{\"@type\":\"PropertyValueSpecification\",\"valueRequired\":true,\"valueName\":\"search_term_string\"}}],\"inLanguage\":\"fr-FR\"},{\"@type\":\"Organization\",\"@id\":\"https:\\\/\\\/www.vermilion-partners.com\\\/fr\\\/#organization\",\"name\":\"Vermilion Partners Limited\",\"url\":\"https:\\\/\\\/www.vermilion-partners.com\\\/fr\\\/\",\"logo\":{\"@type\":\"ImageObject\",\"inLanguage\":\"fr-FR\",\"@id\":\"https:\\\/\\\/www.vermilion-partners.com\\\/fr\\\/#\\\/schema\\\/logo\\\/image\\\/\",\"url\":\"https:\\\/\\\/www.vermilion-partners.com\\\/wp-content\\\/uploads\\\/2020\\\/01\\\/logo-vermilion.svg\",\"contentUrl\":\"https:\\\/\\\/www.vermilion-partners.com\\\/wp-content\\\/uploads\\\/2020\\\/01\\\/logo-vermilion.svg\",\"caption\":\"Vermilion Partners Limited\"},\"image\":{\"@id\":\"https:\\\/\\\/www.vermilion-partners.com\\\/fr\\\/#\\\/schema\\\/logo\\\/image\\\/\"}}]}<\/script>\n<!-- \/ Yoast SEO plugin. -->","yoast_head_json":{"title":"Natixis - Vermilion Partners Limited","robots":{"index":"index","follow":"follow","max-snippet":"max-snippet:-1","max-image-preview":"max-image-preview:large","max-video-preview":"max-video-preview:-1"},"canonical":"https:\/\/www.vermilion-partners.com\/fr\/natixis\/","og_locale":"fr_FR","og_type":"article","og_title":"Natixis - Vermilion Partners Limited","og_description":"En mai 2018, Vermilion a conclu un partenariat avec Natixis, une multinationale fran\u00e7aise de services financiers sp\u00e9cialis\u00e9e dans la gestion d&#8217;actifs et de fortune, les solutions pour les entreprises et investissemeurs, l&#8217;assurance et les paiements. Filiale du Groupe BPCE, l\u2019un des plus grands groupes d\u2019institutions financi\u00e8res en France \u00e0 travers ses deux r\u00e9seaux de distribution, la Banque Populaire et la [&hellip;]","og_url":"https:\/\/www.vermilion-partners.com\/fr\/natixis\/","og_site_name":"Vermilion Partners Limited","article_modified_time":"2022-01-13T16:48:55+00:00","og_image":[{"url":"http:\/\/www.vermilion-partners.com\/wp-content\/uploads\/2020\/06\/Vermilion-Map-1-1200x487.png","type":"","width":"","height":""}],"twitter_card":"summary_large_image","twitter_misc":{"Est. reading time":"1 minute"},"schema":{"@context":"https:\/\/schema.org","@graph":[{"@type":"WebPage","@id":"https:\/\/www.vermilion-partners.com\/fr\/natixis\/","url":"https:\/\/www.vermilion-partners.com\/fr\/natixis\/","name":"Natixis - Vermilion Partners Limited","isPartOf":{"@id":"https:\/\/www.vermilion-partners.com\/fr\/#website"},"primaryImageOfPage":{"@id":"https:\/\/www.vermilion-partners.com\/fr\/natixis\/#primaryimage"},"image":{"@id":"https:\/\/www.vermilion-partners.com\/fr\/natixis\/#primaryimage"},"thumbnailUrl":"http:\/\/www.vermilion-partners.com\/wp-content\/uploads\/2020\/06\/Vermilion-Map-1-1200x487.png","datePublished":"2020-05-05T13:45:28+00:00","dateModified":"2022-01-13T16:48:55+00:00","breadcrumb":{"@id":"https:\/\/www.vermilion-partners.com\/fr\/natixis\/#breadcrumb"},"inLanguage":"fr-FR","potentialAction":[{"@type":"ReadAction","target":["https:\/\/www.vermilion-partners.com\/fr\/natixis\/"]}]},{"@type":"ImageObject","inLanguage":"fr-FR","@id":"https:\/\/www.vermilion-partners.com\/fr\/natixis\/#primaryimage","url":"http:\/\/www.vermilion-partners.com\/wp-content\/uploads\/2020\/06\/Vermilion-Map-1-1200x487.png","contentUrl":"http:\/\/www.vermilion-partners.com\/wp-content\/uploads\/2020\/06\/Vermilion-Map-1-1200x487.png"},{"@type":"BreadcrumbList","@id":"https:\/\/www.vermilion-partners.com\/fr\/natixis\/#breadcrumb","itemListElement":[{"@type":"ListItem","position":1,"name":"Home","item":"https:\/\/www.vermilion-partners.com\/fr\/"},{"@type":"ListItem","position":2,"name":"Natixis"}]},{"@type":"WebSite","@id":"https:\/\/www.vermilion-partners.com\/fr\/#website","url":"https:\/\/www.vermilion-partners.com\/fr\/","name":"Vermilion Partners Limited","description":"China Investment Banking with International Operations","publisher":{"@id":"https:\/\/www.vermilion-partners.com\/fr\/#organization"},"potentialAction":[{"@type":"SearchAction","target":{"@type":"EntryPoint","urlTemplate":"https:\/\/www.vermilion-partners.com\/fr\/?s={search_term_string}"},"query-input":{"@type":"PropertyValueSpecification","valueRequired":true,"valueName":"search_term_string"}}],"inLanguage":"fr-FR"},{"@type":"Organization","@id":"https:\/\/www.vermilion-partners.com\/fr\/#organization","name":"Vermilion Partners Limited","url":"https:\/\/www.vermilion-partners.com\/fr\/","logo":{"@type":"ImageObject","inLanguage":"fr-FR","@id":"https:\/\/www.vermilion-partners.com\/fr\/#\/schema\/logo\/image\/","url":"https:\/\/www.vermilion-partners.com\/wp-content\/uploads\/2020\/01\/logo-vermilion.svg","contentUrl":"https:\/\/www.vermilion-partners.com\/wp-content\/uploads\/2020\/01\/logo-vermilion.svg","caption":"Vermilion Partners Limited"},"image":{"@id":"https:\/\/www.vermilion-partners.com\/fr\/#\/schema\/logo\/image\/"}}]}},"_links":{"self":[{"href":"https:\/\/www.vermilion-partners.com\/fr\/wp-json\/wp\/v2\/pages\/2786","targetHints":{"allow":["GET"]}}],"collection":[{"href":"https:\/\/www.vermilion-partners.com\/fr\/wp-json\/wp\/v2\/pages"}],"about":[{"href":"https:\/\/www.vermilion-partners.com\/fr\/wp-json\/wp\/v2\/types\/page"}],"author":[{"embeddable":true,"href":"https:\/\/www.vermilion-partners.com\/fr\/wp-json\/wp\/v2\/users\/1"}],"replies":[{"embeddable":true,"href":"https:\/\/www.vermilion-partners.com\/fr\/wp-json\/wp\/v2\/comments?post=2786"}],"version-history":[{"count":5,"href":"https:\/\/www.vermilion-partners.com\/fr\/wp-json\/wp\/v2\/pages\/2786\/revisions"}],"predecessor-version":[{"id":3007,"href":"https:\/\/www.vermilion-partners.com\/fr\/wp-json\/wp\/v2\/pages\/2786\/revisions\/3007"}],"wp:attachment":[{"href":"https:\/\/www.vermilion-partners.com\/fr\/wp-json\/wp\/v2\/media?parent=2786"}],"curies":[{"name":"wp","href":"https:\/\/api.w.org\/{rel}","templated":true}]}}